{"id":461,"date":"2025-12-15T01:04:03","date_gmt":"2025-12-15T06:04:03","guid":{"rendered":"https:\/\/detallesrosaverde.com\/?page_id=461"},"modified":"2025-12-15T01:13:47","modified_gmt":"2025-12-15T06:13:47","slug":"terminos-y-condiciones","status":"publish","type":"page","link":"https:\/\/detallesrosaverde.com\/index.php\/terminos-y-condiciones\/","title":{"rendered":"T\u00e9rminos y Condiciones"},"content":{"rendered":"\t\t<div data-elementor-type=\"wp-page\" data-elementor-id=\"461\" class=\"elementor elementor-461\" data-elementor-post-type=\"page\">\n\t\t\t\t<div data-particle_enable=\"false\" data-particle-mobile-disabled=\"false\" class=\"elementor-element elementor-element-4ac3bb6a e-con-full e-flex e-con e-parent\" data-id=\"4ac3bb6a\" data-element_type=\"container\">\n\t\t<div data-particle_enable=\"false\" data-particle-mobile-disabled=\"false\" class=\"elementor-element elementor-element-3c0a5334 e-con-full e-flex e-con e-child\" data-id=\"3c0a5334\" data-element_type=\"container\" data-settings=\"{&quot;background_background&quot;:&quot;gradient&quot;}\">\n\t\t\t\t<div class=\"elementor-element elementor-element-28e28fc1 elementor-widget elementor-widget-spacer\" data-id=\"28e28fc1\" data-element_type=\"widget\" data-widget_type=\"spacer.default\">\n\t\t\t\t\t\t\t<div class=\"elementor-spacer\">\n\t\t\t<div class=\"elementor-spacer-inner\"><\/div>\n\t\t<\/div>\n\t\t\t\t\t\t<\/div>\n\t\t\t\t<div class=\"elementor-element elementor-element-889f994 elementor-widget elementor-widget-heading\" data-id=\"889f994\" data-element_type=\"widget\" data-widget_type=\"heading.default\">\n\t\t\t\t\t<h2 class=\"elementor-heading-title elementor-size-default\">T\u00e9rminos y Condiciones<\/h2>\t\t\t\t<\/div>\n\t\t\t\t<div class=\"elementor-element elementor-element-73d827de elementor-widget elementor-widget-spacer\" data-id=\"73d827de\" data-element_type=\"widget\" data-widget_type=\"spacer.default\">\n\t\t\t\t\t\t\t<div class=\"elementor-spacer\">\n\t\t\t<div class=\"elementor-spacer-inner\"><\/div>\n\t\t<\/div>\n\t\t\t\t\t\t<\/div>\n\t\t\t\t<\/div>\n\t\t\t\t<\/div>\n\t\t<div data-particle_enable=\"false\" data-particle-mobile-disabled=\"false\" class=\"elementor-element elementor-element-2be81b5 e-flex e-con-boxed e-con e-parent\" data-id=\"2be81b5\" data-element_type=\"container\">\n\t\t\t\t\t<div class=\"e-con-inner\">\n\t\t\t\t<div class=\"elementor-element elementor-element-37a7d78 elementor-widget elementor-widget-text-editor\" data-id=\"37a7d78\" data-element_type=\"widget\" data-widget_type=\"text-editor.default\">\n\t\t\t\t\t\t\t\t\t<p>Bienvenido\/a a Detalles Rosa Verde. Al acceder y utilizar nuestro sitio web, redes sociales o realizar una compra, aceptas los presentes T\u00e9rminos y Condiciones. Si no est\u00e1s de acuerdo con alguno de ellos, te recomendamos no continuar con el uso de nuestros servicios.<\/p>\t\t\t\t\t\t\t\t<\/div>\n\t\t\t\t\t<\/div>\n\t\t\t\t<\/div>\n\t\t<div data-particle_enable=\"false\" data-particle-mobile-disabled=\"false\" class=\"elementor-element elementor-element-c7be879 e-flex e-con-boxed e-con e-parent\" data-id=\"c7be879\" data-element_type=\"container\">\n\t\t\t\t\t<div class=\"e-con-inner\">\n\t\t\t\t<div class=\"elementor-element elementor-element-d70edbb elementor-widget elementor-widget-text-editor\" data-id=\"d70edbb\" data-element_type=\"widget\" data-widget_type=\"text-editor.default\">\n\t\t\t\t\t\t\t\t\t<h1>Aceptaci\u00f3n de los t\u00e9rminos<\/h1><p>Al realizar una compra o interactuar con Detalles Rosa Verde, confirmas que tienes la capacidad legal para hacerlo y aceptas cumplir con estos t\u00e9rminos, as\u00ed como con las leyes y normativas aplicables.<\/p><h2>Uso de nuestros servicios<\/h2><p>Nuestros productos est\u00e1n destinados a uso personal y decorativo. Al utilizar nuestros servicios, te comprometes a no:<\/p><p>Proporcionar informaci\u00f3n falsa o incompleta al momento de realizar una compra.<\/p><p>Usar nuestro contenido, im\u00e1genes o marca sin autorizaci\u00f3n previa.<\/p><p>Realizar actividades fraudulentas o que afecten la reputaci\u00f3n de la marca.<\/p><p>Detalles Rosa Verde se reserva el derecho de rechazar pedidos\u00a0o\u00a0suspend<\/p>\t\t\t\t\t\t\t\t<\/div>\n\t\t\t\t\t<\/div>\n\t\t\t\t<\/div>\n\t\t\t\t<\/div>\n\t\t","protected":false},"excerpt":{"rendered":"<p>T\u00e9rminos y Condiciones Bienvenido\/a a Detalles Rosa Verde. Al acceder y utilizar nuestro sitio web, redes sociales o realizar una compra, aceptas los presentes T\u00e9rminos y Condiciones. Si no est\u00e1s de acuerdo con alguno de ellos, te recomendamos no continuar con el uso de nuestros servicios. Aceptaci\u00f3n de los t\u00e9rminos Al realizar una compra o [&hellip;]<\/p>\n","protected":false},"author":1,"featured_media":0,"parent":0,"menu_order":0,"comment_status":"closed","ping_status":"closed","template":"","meta":{"footnotes":""},"class_list":["post-461","page","type-page","status-publish","hentry"],"jetpack_sharing_enabled":true,"_links":{"self":[{"href":"https:\/\/detallesrosaverde.com\/index.php\/wp-json\/wp\/v2\/pages\/461","targetHints":{"allow":["GET"]}}],"collection":[{"href":"https:\/\/detallesrosaverde.com\/index.php\/wp-json\/wp\/v2\/pages"}],"about":[{"href":"https:\/\/detallesrosaverde.com\/index.php\/wp-json\/wp\/v2\/types\/page"}],"author":[{"embeddable":true,"href":"https:\/\/detallesrosaverde.com\/index.php\/wp-json\/wp\/v2\/users\/1"}],"replies":[{"embeddable":true,"href":"https:\/\/detallesrosaverde.com\/index.php\/wp-json\/wp\/v2\/comments?post=461"}],"version-history":[{"count":4,"href":"https:\/\/detallesrosaverde.com\/index.php\/wp-json\/wp\/v2\/pages\/461\/revisions"}],"predecessor-version":[{"id":471,"href":"https:\/\/detallesrosaverde.com\/index.php\/wp-json\/wp\/v2\/pages\/461\/revisions\/471"}],"wp:attachment":[{"href":"https:\/\/detallesrosaverde.com\/index.php\/wp-json\/wp\/v2\/media?parent=461"}],"curies":[{"name":"wp","href":"https:\/\/api.w.org\/{rel}","templated":true}]}}