{"id":472,"date":"2025-12-15T01:16:29","date_gmt":"2025-12-15T06:16:29","guid":{"rendered":"https:\/\/detallesrosaverde.com\/?page_id=472"},"modified":"2025-12-15T01:21:01","modified_gmt":"2025-12-15T06:21:01","slug":"politica-de-devolucion","status":"publish","type":"page","link":"https:\/\/detallesrosaverde.com\/index.php\/politica-de-devolucion\/","title":{"rendered":"Pol\u00edtica de devoluci\u00f3n"},"content":{"rendered":"\t\t<div data-elementor-type=\"wp-page\" data-elementor-id=\"472\" class=\"elementor elementor-472\" data-elementor-post-type=\"page\">\n\t\t\t\t<div data-particle_enable=\"false\" data-particle-mobile-disabled=\"false\" class=\"elementor-element elementor-element-4656c0fa e-con-full e-flex e-con e-parent\" data-id=\"4656c0fa\" data-element_type=\"container\">\n\t\t<div data-particle_enable=\"false\" data-particle-mobile-disabled=\"false\" class=\"elementor-element elementor-element-11ec13c6 e-con-full e-flex e-con e-child\" data-id=\"11ec13c6\" data-element_type=\"container\" data-settings=\"{&quot;background_background&quot;:&quot;gradient&quot;}\">\n\t\t\t\t<div class=\"elementor-element elementor-element-bdc4c9 elementor-widget elementor-widget-spacer\" data-id=\"bdc4c9\" data-element_type=\"widget\" data-widget_type=\"spacer.default\">\n\t\t\t\t\t\t\t<div class=\"elementor-spacer\">\n\t\t\t<div class=\"elementor-spacer-inner\"><\/div>\n\t\t<\/div>\n\t\t\t\t\t\t<\/div>\n\t\t\t\t<div class=\"elementor-element elementor-element-3a5990a4 elementor-widget elementor-widget-heading\" data-id=\"3a5990a4\" data-element_type=\"widget\" data-widget_type=\"heading.default\">\n\t\t\t\t\t<h2 class=\"elementor-heading-title elementor-size-default\">pol\u00edticas de devoluci\u00f3n<\/h2>\t\t\t\t<\/div>\n\t\t\t\t<div class=\"elementor-element elementor-element-35ad5131 elementor-widget elementor-widget-spacer\" data-id=\"35ad5131\" data-element_type=\"widget\" data-widget_type=\"spacer.default\">\n\t\t\t\t\t\t\t<div class=\"elementor-spacer\">\n\t\t\t<div class=\"elementor-spacer-inner\"><\/div>\n\t\t<\/div>\n\t\t\t\t\t\t<\/div>\n\t\t\t\t<\/div>\n\t\t\t\t<\/div>\n\t\t<div data-particle_enable=\"false\" data-particle-mobile-disabled=\"false\" class=\"elementor-element elementor-element-4e1affb e-flex e-con-boxed e-con e-parent\" data-id=\"4e1affb\" data-element_type=\"container\">\n\t\t\t\t\t<div class=\"e-con-inner\">\n\t\t\t\t<div class=\"elementor-element elementor-element-4ff36a0 elementor-widget elementor-widget-text-editor\" data-id=\"4ff36a0\" data-element_type=\"widget\" data-widget_type=\"text-editor.default\">\n\t\t\t\t\t\t\t\t\t<p>Las pol\u00edticas de devoluci\u00f3n de Detalles Rosa Verde est\u00e1n pensadas para brindar confianza y transparencia a los clientes, tomando en cuenta la naturaleza delicada de los productos que ofrece la tienda online. Al tratarse principalmente de suculentas y arreglos vivos, las devoluciones se aceptar\u00e1n \u00fanicamente en casos donde el producto llegue en mal estado, da\u00f1ado o no coincida con lo solicitado, siempre que el reclamo se realice dentro de un plazo establecido desde la entrega. En el caso de floreros personalizados, no se aceptar\u00e1n devoluciones por cambios de opini\u00f3n, ya que son elaborados bajo especificaciones del cliente, salvo que presenten defectos de fabricaci\u00f3n. Estas pol\u00edticas buscan proteger tanto la satisfacci\u00f3n del cliente como la calidad y el cuidado que caracteriza a los productos de Detalles Rosa Verde, fomentando una relaci\u00f3n de confianza y una experiencia de compra responsable en la tienda online.<\/p>\t\t\t\t\t\t\t\t<\/div>\n\t\t\t\t\t<\/div>\n\t\t\t\t<\/div>\n\t\t\t\t<\/div>\n\t\t","protected":false},"excerpt":{"rendered":"<p>pol\u00edticas de devoluci\u00f3n Las pol\u00edticas de devoluci\u00f3n de Detalles Rosa Verde est\u00e1n pensadas para brindar confianza y transparencia a los clientes, tomando en cuenta la naturaleza delicada de los productos que ofrece la tienda online. Al tratarse principalmente de suculentas y arreglos vivos, las devoluciones se aceptar\u00e1n \u00fanicamente en casos donde el producto llegue en [&hellip;]<\/p>\n","protected":false},"author":1,"featured_media":0,"parent":0,"menu_order":0,"comment_status":"closed","ping_status":"closed","template":"","meta":{"footnotes":""},"class_list":["post-472","page","type-page","status-publish","hentry"],"jetpack_sharing_enabled":true,"_links":{"self":[{"href":"https:\/\/detallesrosaverde.com\/index.php\/wp-json\/wp\/v2\/pages\/472","targetHints":{"allow":["GET"]}}],"collection":[{"href":"https:\/\/detallesrosaverde.com\/index.php\/wp-json\/wp\/v2\/pages"}],"about":[{"href":"https:\/\/detallesrosaverde.com\/index.php\/wp-json\/wp\/v2\/types\/page"}],"author":[{"embeddable":true,"href":"https:\/\/detallesrosaverde.com\/index.php\/wp-json\/wp\/v2\/users\/1"}],"replies":[{"embeddable":true,"href":"https:\/\/detallesrosaverde.com\/index.php\/wp-json\/wp\/v2\/comments?post=472"}],"version-history":[{"count":4,"href":"https:\/\/detallesrosaverde.com\/index.php\/wp-json\/wp\/v2\/pages\/472\/revisions"}],"predecessor-version":[{"id":477,"href":"https:\/\/detallesrosaverde.com\/index.php\/wp-json\/wp\/v2\/pages\/472\/revisions\/477"}],"wp:attachment":[{"href":"https:\/\/detallesrosaverde.com\/index.php\/wp-json\/wp\/v2\/media?parent=472"}],"curies":[{"name":"wp","href":"https:\/\/api.w.org\/{rel}","templated":true}]}}