{"id":408,"date":"2025-12-14T14:28:15","date_gmt":"2025-12-14T19:28:15","guid":{"rendered":"https:\/\/detallesrosaverde.com\/?post_type=product&#038;p=408"},"modified":"2025-12-14T14:51:45","modified_gmt":"2025-12-14T19:51:45","slug":"macetero-personalizado-forma-de-nido","status":"publish","type":"product","link":"https:\/\/detallesrosaverde.com\/index.php\/producto\/macetero-personalizado-forma-de-nido\/","title":{"rendered":"Macetero personalizado forma de nido"},"content":{"rendered":"<ul>\n<li style=\"font-weight: 400;\" aria-level=\"1\">\n<p data-path-to-node=\"8\">Transporta la calma del bosque a tu escritorio o repisa con este adorable macetero que evoca la dulzura de la vida silvestre.<\/p>\n<ul data-path-to-node=\"9\">\n<li>\n<p data-path-to-node=\"9,0,0\"><b>Dise\u00f1o y Estilo:<\/b> Este macetero destaca por su dise\u00f1o \u00fanico en forma de un <b>nido r\u00fastico y profundo<\/b>. El detalle de las ramas entrelazadas, con un acabado en tonos marrones y morados, le da una apariencia muy natural y aut\u00e9ntica.<\/p>\n<\/li>\n<li>\n<p data-path-to-node=\"9,1,0\"><b>El Pajarito Guardi\u00e1n:<\/b> El encanto se completa con un <b>pajarito blanco<\/b> posado tiernamente en el borde, con un pico anaranjado, que parece estar cuidando el nido y su planta.<\/p>\n<\/li>\n<li>\n<p data-path-to-node=\"9,2,0\"><b>Funcionalidad Ideal:<\/b> El cuenco es perfecto para plantar una suculenta mini o mediana, creando un arreglo que simule un peque\u00f1o ecosistema. Es un regalo maravilloso para amantes de la naturaleza, la jardiner\u00eda o para decorar un espacio infantil.<\/p>\n<\/li>\n<\/ul>\n<\/li>\n<\/ul>\n","protected":false},"excerpt":{"rendered":"<p>Macetero decorativo con forma de <b>nido r\u00fastico<\/b> que incluye un encantador <b>pajarito blanco en el borde<\/b>. Fabricado en resina o cer\u00e1mica con textura de ramas entrelazadas. Es la pieza ideal para crear un <b>ambiente natural<\/b> y albergar suculentas peque\u00f1as, aportando un toque tierno a cualquier rinc\u00f3n.<\/p>\n","protected":false},"featured_media":283,"comment_status":"open","ping_status":"closed","template":"","meta":[],"product_brand":[],"product_cat":[21],"product_tag":[],"class_list":{"0":"post-408","1":"product","2":"type-product","3":"status-publish","4":"has-post-thumbnail","6":"product_cat-macetas","8":"first","9":"instock","10":"shipping-taxable","11":"purchasable","12":"product-type-simple"},"jetpack_sharing_enabled":true,"_links":{"self":[{"href":"https:\/\/detallesrosaverde.com\/index.php\/wp-json\/wp\/v2\/product\/408","targetHints":{"allow":["GET"]}}],"collection":[{"href":"https:\/\/detallesrosaverde.com\/index.php\/wp-json\/wp\/v2\/product"}],"about":[{"href":"https:\/\/detallesrosaverde.com\/index.php\/wp-json\/wp\/v2\/types\/product"}],"replies":[{"embeddable":true,"href":"https:\/\/detallesrosaverde.com\/index.php\/wp-json\/wp\/v2\/comments?post=408"}],"wp:featuredmedia":[{"embeddable":true,"href":"https:\/\/detallesrosaverde.com\/index.php\/wp-json\/wp\/v2\/media\/283"}],"wp:attachment":[{"href":"https:\/\/detallesrosaverde.com\/index.php\/wp-json\/wp\/v2\/media?parent=408"}],"wp:term":[{"taxonomy":"product_brand","embeddable":true,"href":"https:\/\/detallesrosaverde.com\/index.php\/wp-json\/wp\/v2\/product_brand?post=408"},{"taxonomy":"product_cat","embeddable":true,"href":"https:\/\/detallesrosaverde.com\/index.php\/wp-json\/wp\/v2\/product_cat?post=408"},{"taxonomy":"product_tag","embeddable":true,"href":"https:\/\/detallesrosaverde.com\/index.php\/wp-json\/wp\/v2\/product_tag?post=408"}],"curies":[{"name":"wp","href":"https:\/\/api.w.org\/{rel}","templated":true}]}}